{"id":648,"date":"2025-02-13T11:45:49","date_gmt":"2025-02-13T10:45:49","guid":{"rendered":"https:\/\/boulogneboxe.fr\/?page_id=648"},"modified":"2025-03-12T23:13:37","modified_gmt":"2025-03-12T22:13:37","slug":"devenez-partenaire","status":"publish","type":"page","link":"https:\/\/boulogneboxe.fr\/index.php\/devenez-partenaire\/","title":{"rendered":"nos partenaires"},"content":{"rendered":"<p><\/p><figure class=\"wp-block-gallery-1 is-layout-flex wp-block-gallery-is-layout-flex\"><figure><img loading=\"lazy\" decoding=\"async\" data-id=\"649\" src=\"https:\/\/boulogneboxe.fr\/wp-content\/uploads\/2025\/02\/logohuchetdemorge.jpeg\" alt=\"\" width=\"67\" height=\"67\" \/><\/figure><p><\/p><\/figure><p><\/p><p><!-- \/wp:post-content --><!-- wp:image {\"id\":650,\"sizeSlug\":\"full\",\"linkDestination\":\"none\"} --><\/p><figure><img loading=\"lazy\" decoding=\"async\" src=\"https:\/\/boulogneboxe.fr\/wp-content\/uploads\/2025\/02\/logotopten.gif\" alt=\"\" width=\"130\" height=\"91\" \/><\/figure><p><!-- \/wp:image --><!-- wp:paragraph --><\/p><p><!-- \/wp:paragraph --><\/p>","protected":false},"excerpt":{"rendered":"","protected":false},"author":1,"featured_media":0,"parent":0,"menu_order":0,"comment_status":"closed","ping_status":"closed","template":"","meta":{"footnotes":""},"class_list":["post-648","page","type-page","status-publish"],"yoast_head":"<!-- This site is optimized with the Yoast SEO plugin v27.3 - https:\/\/yoast.com\/product\/yoast-seo-wordpress\/ -->\n<title>nos partenaires - Boulogne Boxe<\/title>\n<meta name=\"description\" content=\"Merci \u00e0 notre fid\u00e8le partenaires Huchet Demorge, pr\u00e9sent depuis le d\u00e9but de la cr\u00e9ation et qui \u00e0 toujours cru en notre potentiel.\" \/>\n<meta name=\"robots\" content=\"index, follow, max-snippet:-1, max-image-preview:large, max-video-preview:-1\" \/>\n<link rel=\"canonical\" href=\"https:\/\/boulogneboxe.fr\/index.php\/devenez-partenaire\/\" \/>\n<meta property=\"og:locale\" content=\"fr_FR\" \/>\n<meta property=\"og:type\" content=\"article\" \/>\n<meta property=\"og:title\" content=\"nos partenaires - Boulogne Boxe\" \/>\n<meta property=\"og:description\" content=\"Merci \u00e0 notre fid\u00e8le partenaires Huchet Demorge, pr\u00e9sent depuis le d\u00e9but de la cr\u00e9ation et qui \u00e0 toujours cru en notre potentiel.\" \/>\n<meta property=\"og:url\" content=\"https:\/\/boulogneboxe.fr\/index.php\/devenez-partenaire\/\" \/>\n<meta property=\"og:site_name\" content=\"Boulogne Boxe\" \/>\n<meta property=\"article:modified_time\" content=\"2025-03-12T22:13:37+00:00\" \/>\n<meta property=\"og:image\" content=\"https:\/\/boulogneboxe.fr\/wp-content\/uploads\/2025\/02\/logohuchetdemorge.jpeg\" \/>\n<meta name=\"twitter:card\" content=\"summary_large_image\" \/>\n<meta name=\"twitter:label1\" content=\"Dur\u00e9e de lecture estim\u00e9e\" \/>\n\t<meta name=\"twitter:data1\" content=\"1 minute\" \/>\n<script type=\"application\/ld+json\" class=\"yoast-schema-graph\">{\"@context\":\"https:\\\/\\\/schema.org\",\"@graph\":[{\"@type\":\"WebPage\",\"@id\":\"https:\\\/\\\/boulogneboxe.fr\\\/index.php\\\/devenez-partenaire\\\/\",\"url\":\"https:\\\/\\\/boulogneboxe.fr\\\/index.php\\\/devenez-partenaire\\\/\",\"name\":\"nos partenaires - Boulogne Boxe\",\"isPartOf\":{\"@id\":\"http:\\\/\\\/boulogneboxe.fr\\\/#website\"},\"primaryImageOfPage\":{\"@id\":\"https:\\\/\\\/boulogneboxe.fr\\\/index.php\\\/devenez-partenaire\\\/#primaryimage\"},\"image\":{\"@id\":\"https:\\\/\\\/boulogneboxe.fr\\\/index.php\\\/devenez-partenaire\\\/#primaryimage\"},\"thumbnailUrl\":\"https:\\\/\\\/boulogneboxe.fr\\\/wp-content\\\/uploads\\\/2025\\\/02\\\/logohuchetdemorge.jpeg\",\"datePublished\":\"2025-02-13T10:45:49+00:00\",\"dateModified\":\"2025-03-12T22:13:37+00:00\",\"description\":\"Merci \u00e0 notre fid\u00e8le partenaires Huchet Demorge, pr\u00e9sent depuis le d\u00e9but de la cr\u00e9ation et qui \u00e0 toujours cru en notre potentiel.\",\"breadcrumb\":{\"@id\":\"https:\\\/\\\/boulogneboxe.fr\\\/index.php\\\/devenez-partenaire\\\/#breadcrumb\"},\"inLanguage\":\"fr-FR\",\"potentialAction\":[{\"@type\":\"ReadAction\",\"target\":[\"https:\\\/\\\/boulogneboxe.fr\\\/index.php\\\/devenez-partenaire\\\/\"]}]},{\"@type\":\"ImageObject\",\"inLanguage\":\"fr-FR\",\"@id\":\"https:\\\/\\\/boulogneboxe.fr\\\/index.php\\\/devenez-partenaire\\\/#primaryimage\",\"url\":\"\",\"contentUrl\":\"\"},{\"@type\":\"BreadcrumbList\",\"@id\":\"https:\\\/\\\/boulogneboxe.fr\\\/index.php\\\/devenez-partenaire\\\/#breadcrumb\",\"itemListElement\":[{\"@type\":\"ListItem\",\"position\":1,\"name\":\"Accueil\",\"item\":\"http:\\\/\\\/boulogneboxe.fr\\\/\"},{\"@type\":\"ListItem\",\"position\":2,\"name\":\"nos partenaires\"}]},{\"@type\":\"WebSite\",\"@id\":\"http:\\\/\\\/boulogneboxe.fr\\\/#website\",\"url\":\"http:\\\/\\\/boulogneboxe.fr\\\/\",\"name\":\"Boulogne Boxe\",\"description\":\"Boulogne Boxe, performance, passion, d\u00e9passement de soi\",\"publisher\":{\"@id\":\"http:\\\/\\\/boulogneboxe.fr\\\/#organization\"},\"potentialAction\":[{\"@type\":\"SearchAction\",\"target\":{\"@type\":\"EntryPoint\",\"urlTemplate\":\"http:\\\/\\\/boulogneboxe.fr\\\/?s={search_term_string}\"},\"query-input\":{\"@type\":\"PropertyValueSpecification\",\"valueRequired\":true,\"valueName\":\"search_term_string\"}}],\"inLanguage\":\"fr-FR\"},{\"@type\":\"Organization\",\"@id\":\"http:\\\/\\\/boulogneboxe.fr\\\/#organization\",\"name\":\"Boulogne Boxe\",\"url\":\"http:\\\/\\\/boulogneboxe.fr\\\/\",\"logo\":{\"@type\":\"ImageObject\",\"inLanguage\":\"fr-FR\",\"@id\":\"http:\\\/\\\/boulogneboxe.fr\\\/#\\\/schema\\\/logo\\\/image\\\/\",\"url\":\"https:\\\/\\\/boulogneboxe.fr\\\/wp-content\\\/uploads\\\/2026\\\/04\\\/cropped-logo-BB-detourer.png\",\"contentUrl\":\"https:\\\/\\\/boulogneboxe.fr\\\/wp-content\\\/uploads\\\/2026\\\/04\\\/cropped-logo-BB-detourer.png\",\"width\":420,\"height\":594,\"caption\":\"Boulogne Boxe\"},\"image\":{\"@id\":\"http:\\\/\\\/boulogneboxe.fr\\\/#\\\/schema\\\/logo\\\/image\\\/\"}}]}<\/script>\n<!-- \/ Yoast SEO plugin. -->","yoast_head_json":{"title":"nos partenaires - Boulogne Boxe","description":"Merci \u00e0 notre fid\u00e8le partenaires Huchet Demorge, pr\u00e9sent depuis le d\u00e9but de la cr\u00e9ation et qui \u00e0 toujours cru en notre potentiel.","robots":{"index":"index","follow":"follow","max-snippet":"max-snippet:-1","max-image-preview":"max-image-preview:large","max-video-preview":"max-video-preview:-1"},"canonical":"https:\/\/boulogneboxe.fr\/index.php\/devenez-partenaire\/","og_locale":"fr_FR","og_type":"article","og_title":"nos partenaires - Boulogne Boxe","og_description":"Merci \u00e0 notre fid\u00e8le partenaires Huchet Demorge, pr\u00e9sent depuis le d\u00e9but de la cr\u00e9ation et qui \u00e0 toujours cru en notre potentiel.","og_url":"https:\/\/boulogneboxe.fr\/index.php\/devenez-partenaire\/","og_site_name":"Boulogne Boxe","article_modified_time":"2025-03-12T22:13:37+00:00","og_image":[{"url":"https:\/\/boulogneboxe.fr\/wp-content\/uploads\/2025\/02\/logohuchetdemorge.jpeg","type":"","width":"","height":""}],"twitter_card":"summary_large_image","twitter_misc":{"Dur\u00e9e de lecture estim\u00e9e":"1 minute"},"schema":{"@context":"https:\/\/schema.org","@graph":[{"@type":"WebPage","@id":"https:\/\/boulogneboxe.fr\/index.php\/devenez-partenaire\/","url":"https:\/\/boulogneboxe.fr\/index.php\/devenez-partenaire\/","name":"nos partenaires - Boulogne Boxe","isPartOf":{"@id":"http:\/\/boulogneboxe.fr\/#website"},"primaryImageOfPage":{"@id":"https:\/\/boulogneboxe.fr\/index.php\/devenez-partenaire\/#primaryimage"},"image":{"@id":"https:\/\/boulogneboxe.fr\/index.php\/devenez-partenaire\/#primaryimage"},"thumbnailUrl":"https:\/\/boulogneboxe.fr\/wp-content\/uploads\/2025\/02\/logohuchetdemorge.jpeg","datePublished":"2025-02-13T10:45:49+00:00","dateModified":"2025-03-12T22:13:37+00:00","description":"Merci \u00e0 notre fid\u00e8le partenaires Huchet Demorge, pr\u00e9sent depuis le d\u00e9but de la cr\u00e9ation et qui \u00e0 toujours cru en notre potentiel.","breadcrumb":{"@id":"https:\/\/boulogneboxe.fr\/index.php\/devenez-partenaire\/#breadcrumb"},"inLanguage":"fr-FR","potentialAction":[{"@type":"ReadAction","target":["https:\/\/boulogneboxe.fr\/index.php\/devenez-partenaire\/"]}]},{"@type":"ImageObject","inLanguage":"fr-FR","@id":"https:\/\/boulogneboxe.fr\/index.php\/devenez-partenaire\/#primaryimage","url":"","contentUrl":""},{"@type":"BreadcrumbList","@id":"https:\/\/boulogneboxe.fr\/index.php\/devenez-partenaire\/#breadcrumb","itemListElement":[{"@type":"ListItem","position":1,"name":"Accueil","item":"http:\/\/boulogneboxe.fr\/"},{"@type":"ListItem","position":2,"name":"nos partenaires"}]},{"@type":"WebSite","@id":"http:\/\/boulogneboxe.fr\/#website","url":"http:\/\/boulogneboxe.fr\/","name":"Boulogne Boxe","description":"Boulogne Boxe, performance, passion, d\u00e9passement de soi","publisher":{"@id":"http:\/\/boulogneboxe.fr\/#organization"},"potentialAction":[{"@type":"SearchAction","target":{"@type":"EntryPoint","urlTemplate":"http:\/\/boulogneboxe.fr\/?s={search_term_string}"},"query-input":{"@type":"PropertyValueSpecification","valueRequired":true,"valueName":"search_term_string"}}],"inLanguage":"fr-FR"},{"@type":"Organization","@id":"http:\/\/boulogneboxe.fr\/#organization","name":"Boulogne Boxe","url":"http:\/\/boulogneboxe.fr\/","logo":{"@type":"ImageObject","inLanguage":"fr-FR","@id":"http:\/\/boulogneboxe.fr\/#\/schema\/logo\/image\/","url":"https:\/\/boulogneboxe.fr\/wp-content\/uploads\/2026\/04\/cropped-logo-BB-detourer.png","contentUrl":"https:\/\/boulogneboxe.fr\/wp-content\/uploads\/2026\/04\/cropped-logo-BB-detourer.png","width":420,"height":594,"caption":"Boulogne Boxe"},"image":{"@id":"http:\/\/boulogneboxe.fr\/#\/schema\/logo\/image\/"}}]}},"_links":{"self":[{"href":"https:\/\/boulogneboxe.fr\/index.php\/wp-json\/wp\/v2\/pages\/648","targetHints":{"allow":["GET"]}}],"collection":[{"href":"https:\/\/boulogneboxe.fr\/index.php\/wp-json\/wp\/v2\/pages"}],"about":[{"href":"https:\/\/boulogneboxe.fr\/index.php\/wp-json\/wp\/v2\/types\/page"}],"author":[{"embeddable":true,"href":"https:\/\/boulogneboxe.fr\/index.php\/wp-json\/wp\/v2\/users\/1"}],"replies":[{"embeddable":true,"href":"https:\/\/boulogneboxe.fr\/index.php\/wp-json\/wp\/v2\/comments?post=648"}],"version-history":[{"count":13,"href":"https:\/\/boulogneboxe.fr\/index.php\/wp-json\/wp\/v2\/pages\/648\/revisions"}],"predecessor-version":[{"id":718,"href":"https:\/\/boulogneboxe.fr\/index.php\/wp-json\/wp\/v2\/pages\/648\/revisions\/718"}],"wp:attachment":[{"href":"https:\/\/boulogneboxe.fr\/index.php\/wp-json\/wp\/v2\/media?parent=648"}],"curies":[{"name":"wp","href":"https:\/\/api.w.org\/{rel}","templated":true}]}}